{"id":90,"date":"2014-11-15T01:54:10","date_gmt":"2014-11-15T01:54:10","guid":{"rendered":"http:\/\/vets-wp.wp4life.com\/?page_id=90"},"modified":"2017-06-01T12:54:16","modified_gmt":"2017-06-01T10:54:16","slug":"about-us","status":"publish","type":"page","link":"http:\/\/www.inowet.pl\/?page_id=90","title":{"rendered":"O nas"},"content":{"rendered":"<div id=\"pl-90\"  class=\"panel-layout\" ><div id=\"pg-90-0\"  class=\"panel-grid panel-no-style\" ><div id=\"pgc-90-0-0\"  class=\"panel-grid-cell\" ><div id=\"panel-90-0-0-0\" class=\"so-panel widget widget_black-studio-tinymce widget_black_studio_tinymce panel-first-child panel-last-child\" data-index=\"0\" ><div class=\"textwidget\"><h2>Kim jeste\u015bmy?<\/h2>\n<p>Nasza Przychodnia specjalizuje si\u0119 w leczeniu ps\u00f3w, kot\u00f3w oraz zwierz\u0105t towarzysz\u0105cych. Zajmujemy si\u0119 tylko i wy\u0142\u0105cznie lecznictwem zwierz\u0105t. Nie prowadzimy sprzeda\u017cy artyku\u0142\u00f3w zoologicznych, ani nie \u015bwiadczymy us\u0142ug groomerskich (fryzjer dla zwierz\u0105t). Nasz\u0105 specjalizacj\u0105 jest diagnostyka obrazowa - radiologia, ultrasonografia.<\/p>\n<p>W sk\u0142ad zespo\u0142u wchodzi czterech\u00a0lekarzy weterynarii.<\/p>\n<p>Cz\u0119sto trafiaj\u0105 do nas pacjenci w ci\u0119\u017ckim stanie \u2013 po wypadkach, czy z nag\u0142ym zaostrzeniem chor\u00f3b wewn\u0119trznych. \u00a0U takich pacjent\u00f3w, nie bacz\u0105c na nocne godziny przyj\u0119\u0107, wykonujemy konieczn\u0105 dla danego przypadku diagnostyk\u0119 (badanie krwi, usg, rtg)<\/p>\n<p>W stanach nag\u0142ych mamy mo\u017cliwo\u015b\u0107 pod\u0142\u0105czenia pacjenta do pe\u0142nego monitoringu (cz\u0119sto\u015b\u0107 oddech\u00f3w, praca serca, kapnograf, saturacja) i wykonania operacji w znieczuleniu wziewnym izofluranem (bardzo bezpieczna metoda znieczulenia u pacjent\u00f3w wysokiego ryzyka)<\/p>\n<p>W przypadkach silnych duszno\u015bci (urazy, choroby wewn\u0119trzne, zaawansowane nowotwory) stosujemy profesjonaln\u0105 tlenoterapi\u0119.<\/p>\n<p>Oczywi\u015bcie w sk\u0142ad naszych us\u0142ug wchodzi wykonywanie rutynowych zabieg\u00f3w profilaktycznych (odrobaczenie, szczepienie) oraz zabieg\u00f3w chirurgicznych (sterylizacja, kastracja, usuwanie guz\u00f3w, szycie uk\u0142adu pow\u0142okowego, usuwanie cia\u0142 obcych z przewodu pokarmowego, usuwanie kamieni moczowych, zabiegi wyszycia cewki i wiele innych)<\/p>\n<p>Ze wzgl\u0119du na posiadanie zaawansowanego aparatu do anestezji (znieczulenia) wziewnej, przy stole operacyjnym zawsze obecny jest anestezjolog, kontroluj\u0105cy poziom parametr\u00f3w \u017cyciowych i g\u0142\u0119boko\u015b\u0107 znieczulenia. Oczywi\u015bcie, nie ka\u017cdy zabieg chirurgiczny wymaga intubacji i anestezji wziewnej. Kr\u00f3tsze zabiegi mog\u0105 by\u0107 wykonywane w znieczuleniu infuzyjnym. Leki do znieczulenia zawsze podawane s\u0105 drog\u0105 do\u017cyln\u0105.<\/p>\n<p>Cz\u0119sto pacjenci ze wzgl\u0119du na stan zdrowia, wymagaj\u0105 pozostawienia w Przychodni. U nas nie ma z tym problemu. Posiadamy mo\u017cliwo\u015b\u0107 szpitalnego leczenia zwierz\u0105t.<\/p>\n<p>Serdecznie zapraszamy do skorzystania z naszej oferty.<\/p>\n<\/div><\/div><\/div><\/div><div id=\"pg-90-1\"  class=\"panel-grid panel-no-style\" ><div id=\"pgc-90-1-0\"  class=\"panel-grid-cell\" ><div id=\"panel-90-1-0-0\" class=\"so-panel widget widget_vets-divider-widget panel-first-child panel-last-child\" data-index=\"1\" ><hr style=\"margin-left:-40px;margin-right:-40px;margin-top:40px;margin-bottom:0px;\" \/><\/div><\/div><\/div><div id=\"pg-90-2\"  class=\"panel-grid panel-no-style\" ><div id=\"pgc-90-2-0\"  class=\"panel-grid-cell panel-grid-cell-mobile-last\" ><div id=\"panel-90-2-0-0\" class=\"so-panel widget widget_black-studio-tinymce widget_black_studio_tinymce panel-first-child panel-last-child\" data-index=\"2\" ><h3 class=\"widget-title\">Dlaczego my?<\/h3><div class=\"textwidget\"><div id=\"accordion-container\"> <div class=\"accordion-header\">Kr\u00f3tki czas oczekiwania<\/div><div class=\"accordion-content\">\n<div>Staramy si\u0119, \u017ceby nie oczekiwali Pa\u0144stwo zbyt d\u0142ugo na wizyt\u0119 ze swoim pupilem.<\/div>\n<div>Dysponujemy trzema salami przyj\u0119\u0107, a lekarzy jest zazwyczaj co najmniej dwoch.<\/div>\n<div>Wcze\u015bniejszy kontakt telefoniczny z Przychodni\u0105 przed planowan\u0105 wizyt\u0105 zdecydowanie u\u0142atwia nam prac\u0119 i skraca czas oczekiwania w poczekalni.<\/div>\n<\/div> <div class=\"accordion-header\">Pomoc w nag\u0142ych przypadkach<\/div><div class=\"accordion-content\">\n<div>\n<div>W przypadku wizyt po godzinie 21.00 prosimy o wcze\u015bniejszy kontakt telefoniczny pod numerem 507 118 140<\/div>\n<\/div>\n<\/div><span style=\"line-height: 1.5;\"><div class=\"accordion-header\">Rodzinna atmosfera<\/div><div class=\"accordion-content\"><\/span><\/p>\n<div>Jeste\u015bmy otwartym i komunikatywnym zespo\u0142em. Dobry kontakt z w\u0142a\u015bcicielami naszych pacjent\u00f3w to dla nas podstawa.<\/div>\n<div>Kierujemy si\u0119 zasad\u0105 \u201ckto pyta, nie b\u0142\u0105dzi\u201d i jeste\u015bmy otwarci na wszystkie Pa\u0144stwa pytania.<\/div>\n<div><div id=\"envira-gallery-wrap-449\" class=\"envira-gallery-wrap envira-gallery-theme-base envira-lightbox-theme-base\" itemscope itemtype=\"https:\/\/schema.org\/ImageGallery\"><div data-row-height=\"\" data-gallery-theme=\"\" id=\"envira-gallery-449\" class=\"envira-gallery-public  envira-gallery-2-columns envira-clear enviratope envira-gallery-css-animations\" data-envira-columns=\"2\"><div id=\"envira-gallery-item-450\" class=\"envira-gallery-item enviratope-item envira-gallery-item-1\" style=\"padding-left: 5px; padding-bottom: 10px; padding-right: 5px;\"  itemscope itemtype=\"https:\/\/schema.org\/ImageObject\"><div class=\"envira-gallery-item-inner\"><div class=\"envira-gallery-position-overlay  envira-gallery-top-left\"><\/div><div class=\"envira-gallery-position-overlay  envira-gallery-top-right\"><\/div><div class=\"envira-gallery-position-overlay  envira-gallery-bottom-left\"><\/div><div class=\"envira-gallery-position-overlay  envira-gallery-bottom-right\"><\/div><a href=\"http:\/\/www.inowet.pl\/wp\/wp-content\/uploads\/2015\/03\/blue-015.jpg\" class=\"envira-gallery-449 envira-gallery-link\" rel=\"enviragallery449\" title=\"\" data-envira-caption=\"\" data-envira-retina=\"\" data-thumbnail=\"\"  itemprop=\"contentUrl\"><div class=\"envira-lazy\" data-test-width=\"960\" data-test-height=\"300\" style=\"padding-bottom:31.25%;\"><img decoding=\"async\" id=\"envira-gallery-image-450\" class=\"envira-gallery-image envira-gallery-image-1\" data-envira-index=\"1\" src=\"http:\/\/www.inowet.pl\/wp-content\/uploads\/2015\/03\/blue-015-1024x681-960x300.jpg\" data-envira-src=\"http:\/\/www.inowet.pl\/wp-content\/uploads\/2015\/03\/blue-015-1024x681-960x300.jpg\" data-envira-gallery-id=\"449\" data-envira-item-id=\"450\" data-envira-caption=\"\" alt=\"\" title=\"\"  itemprop=\"thumbnailUrl\" data-envira-srcset=\"http:\/\/www.inowet.pl\/wp-content\/uploads\/2015\/03\/blue-015-1024x681-960x300.jpg 400w,http:\/\/www.inowet.pl\/wp-content\/uploads\/2015\/03\/blue-015-1024x681-960x300.jpg 2x\" srcset=\"data:image\/gif;base64,R0lGODlhAQABAIAAAP\/\/\/\/\/\/\/yH5BAEKAAEALAAAAAABAAEAAAICTAEAOw==\" \/><\/div><\/a><\/div><\/div><div id=\"envira-gallery-item-451\" class=\"envira-gallery-item enviratope-item envira-gallery-item-2\" style=\"padding-left: 5px; padding-bottom: 10px; padding-right: 5px;\"  itemscope itemtype=\"https:\/\/schema.org\/ImageObject\"><div class=\"envira-gallery-item-inner\"><div class=\"envira-gallery-position-overlay  envira-gallery-top-left\"><\/div><div class=\"envira-gallery-position-overlay  envira-gallery-top-right\"><\/div><div class=\"envira-gallery-position-overlay  envira-gallery-bottom-left\"><\/div><div class=\"envira-gallery-position-overlay  envira-gallery-bottom-right\"><\/div><a href=\"http:\/\/www.inowet.pl\/wp\/wp-content\/uploads\/2015\/03\/obr-106.jpg\" class=\"envira-gallery-449 envira-gallery-link\" rel=\"enviragallery449\" title=\"\" data-envira-caption=\"\" data-envira-retina=\"\" data-thumbnail=\"\"  itemprop=\"contentUrl\"><div class=\"envira-lazy\" data-test-width=\"960\" data-test-height=\"300\" style=\"padding-bottom:31.25%;\"><img decoding=\"async\" id=\"envira-gallery-image-451\" class=\"envira-gallery-image envira-gallery-image-2\" data-envira-index=\"2\" src=\"http:\/\/www.inowet.pl\/wp-content\/uploads\/2015\/03\/obr-106-1024x681-960x300.jpg\" data-envira-src=\"http:\/\/www.inowet.pl\/wp-content\/uploads\/2015\/03\/obr-106-1024x681-960x300.jpg\" data-envira-gallery-id=\"449\" data-envira-item-id=\"451\" data-envira-caption=\"\" alt=\"\" title=\"\"  itemprop=\"thumbnailUrl\" data-envira-srcset=\"http:\/\/www.inowet.pl\/wp-content\/uploads\/2015\/03\/obr-106-1024x681-960x300.jpg 400w,http:\/\/www.inowet.pl\/wp-content\/uploads\/2015\/03\/obr-106-1024x681-960x300.jpg 2x\" srcset=\"data:image\/gif;base64,R0lGODlhAQABAIAAAP\/\/\/\/\/\/\/yH5BAEKAAEALAAAAAABAAEAAAICTAEAOw==\" \/><\/div><\/a><\/div><\/div><div id=\"envira-gallery-item-452\" class=\"envira-gallery-item enviratope-item envira-gallery-item-3\" style=\"padding-left: 5px; padding-bottom: 10px; padding-right: 5px;\"  itemscope itemtype=\"https:\/\/schema.org\/ImageObject\"><div class=\"envira-gallery-item-inner\"><div class=\"envira-gallery-position-overlay  envira-gallery-top-left\"><\/div><div class=\"envira-gallery-position-overlay  envira-gallery-top-right\"><\/div><div class=\"envira-gallery-position-overlay  envira-gallery-bottom-left\"><\/div><div class=\"envira-gallery-position-overlay  envira-gallery-bottom-right\"><\/div><a href=\"http:\/\/www.inowet.pl\/wp\/wp-content\/uploads\/2015\/03\/obr-361.jpg\" class=\"envira-gallery-449 envira-gallery-link\" rel=\"enviragallery449\" title=\"\" data-envira-caption=\"\" data-envira-retina=\"\" data-thumbnail=\"\"  itemprop=\"contentUrl\"><div class=\"envira-lazy\" data-test-width=\"960\" data-test-height=\"300\" style=\"padding-bottom:31.25%;\"><img decoding=\"async\" id=\"envira-gallery-image-452\" class=\"envira-gallery-image envira-gallery-image-3\" data-envira-index=\"3\" src=\"http:\/\/www.inowet.pl\/wp-content\/uploads\/2015\/03\/obr-361-1024x681-960x300.jpg\" data-envira-src=\"http:\/\/www.inowet.pl\/wp-content\/uploads\/2015\/03\/obr-361-1024x681-960x300.jpg\" data-envira-gallery-id=\"449\" data-envira-item-id=\"452\" data-envira-caption=\"\" alt=\"\" title=\"\"  itemprop=\"thumbnailUrl\" data-envira-srcset=\"http:\/\/www.inowet.pl\/wp-content\/uploads\/2015\/03\/obr-361-1024x681-960x300.jpg 400w,http:\/\/www.inowet.pl\/wp-content\/uploads\/2015\/03\/obr-361-1024x681-960x300.jpg 2x\" srcset=\"data:image\/gif;base64,R0lGODlhAQABAIAAAP\/\/\/\/\/\/\/yH5BAEKAAEALAAAAAABAAEAAAICTAEAOw==\" \/><\/div><\/a><\/div><\/div><div id=\"envira-gallery-item-453\" class=\"envira-gallery-item enviratope-item envira-gallery-item-4\" style=\"padding-left: 5px; padding-bottom: 10px; padding-right: 5px;\"  itemscope itemtype=\"https:\/\/schema.org\/ImageObject\"><div class=\"envira-gallery-item-inner\"><div class=\"envira-gallery-position-overlay  envira-gallery-top-left\"><\/div><div class=\"envira-gallery-position-overlay  envira-gallery-top-right\"><\/div><div class=\"envira-gallery-position-overlay  envira-gallery-bottom-left\"><\/div><div class=\"envira-gallery-position-overlay  envira-gallery-bottom-right\"><\/div><a href=\"http:\/\/www.inowet.pl\/wp\/wp-content\/uploads\/2015\/03\/obr-1193.jpg\" class=\"envira-gallery-449 envira-gallery-link\" rel=\"enviragallery449\" title=\"\" data-envira-caption=\"\" data-envira-retina=\"\" data-thumbnail=\"\"  itemprop=\"contentUrl\"><div class=\"envira-lazy\" data-test-width=\"960\" data-test-height=\"300\" style=\"padding-bottom:31.25%;\"><img decoding=\"async\" id=\"envira-gallery-image-453\" class=\"envira-gallery-image envira-gallery-image-4\" data-envira-index=\"4\" src=\"http:\/\/www.inowet.pl\/wp-content\/uploads\/2015\/03\/obr-1193-1024x681-960x300.jpg\" data-envira-src=\"http:\/\/www.inowet.pl\/wp-content\/uploads\/2015\/03\/obr-1193-1024x681-960x300.jpg\" data-envira-gallery-id=\"449\" data-envira-item-id=\"453\" data-envira-caption=\"\" alt=\"\" title=\"\"  itemprop=\"thumbnailUrl\" data-envira-srcset=\"http:\/\/www.inowet.pl\/wp-content\/uploads\/2015\/03\/obr-1193-1024x681-960x300.jpg 400w,http:\/\/www.inowet.pl\/wp-content\/uploads\/2015\/03\/obr-1193-1024x681-960x300.jpg 2x\" srcset=\"data:image\/gif;base64,R0lGODlhAQABAIAAAP\/\/\/\/\/\/\/yH5BAEKAAEALAAAAAABAAEAAAICTAEAOw==\" \/><\/div><\/a><\/div><\/div><div id=\"envira-gallery-item-584\" class=\"envira-gallery-item enviratope-item envira-gallery-item-5\" style=\"padding-left: 5px; padding-bottom: 10px; padding-right: 5px;\"  itemscope itemtype=\"https:\/\/schema.org\/ImageObject\"><div class=\"envira-gallery-item-inner\"><div class=\"envira-gallery-position-overlay  envira-gallery-top-left\"><\/div><div class=\"envira-gallery-position-overlay  envira-gallery-top-right\"><\/div><div class=\"envira-gallery-position-overlay  envira-gallery-bottom-left\"><\/div><div class=\"envira-gallery-position-overlay  envira-gallery-bottom-right\"><\/div><a href=\"http:\/\/www.inowet.pl\/wp\/wp-content\/uploads\/2015\/03\/obr-273.jpg\" class=\"envira-gallery-449 envira-gallery-link\" rel=\"enviragallery449\" title=\"\" data-envira-caption=\"\" data-envira-retina=\"\" data-thumbnail=\"\"  itemprop=\"contentUrl\"><div class=\"envira-lazy\" data-test-width=\"960\" data-test-height=\"300\" style=\"padding-bottom:31.25%;\"><img decoding=\"async\" id=\"envira-gallery-image-584\" class=\"envira-gallery-image envira-gallery-image-5\" data-envira-index=\"5\" src=\"http:\/\/www.inowet.pl\/wp-content\/uploads\/2015\/03\/obr-273-1024x678-960x300.jpg\" data-envira-src=\"http:\/\/www.inowet.pl\/wp-content\/uploads\/2015\/03\/obr-273-1024x678-960x300.jpg\" data-envira-gallery-id=\"449\" data-envira-item-id=\"584\" data-envira-caption=\"\" alt=\"\" title=\"\"  itemprop=\"thumbnailUrl\" data-envira-srcset=\"http:\/\/www.inowet.pl\/wp-content\/uploads\/2015\/03\/obr-273-1024x678-960x300.jpg 400w,http:\/\/www.inowet.pl\/wp-content\/uploads\/2015\/03\/obr-273-1024x678-960x300.jpg 2x\" srcset=\"data:image\/gif;base64,R0lGODlhAQABAIAAAP\/\/\/\/\/\/\/yH5BAEKAAEALAAAAAABAAEAAAICTAEAOw==\" \/><\/div><\/a><\/div><\/div><\/div><\/div><noscript><img decoding=\"async\" src=\"http:\/\/www.inowet.pl\/wp-content\/uploads\/2015\/03\/blue-015.jpg\" alt=\"\" \/><img decoding=\"async\" src=\"http:\/\/www.inowet.pl\/wp-content\/uploads\/2015\/03\/obr-106.jpg\" alt=\"\" \/><img decoding=\"async\" src=\"http:\/\/www.inowet.pl\/wp-content\/uploads\/2015\/03\/obr-361.jpg\" alt=\"\" \/><img decoding=\"async\" src=\"http:\/\/www.inowet.pl\/wp-content\/uploads\/2015\/03\/obr-1193.jpg\" alt=\"\" \/><img decoding=\"async\" src=\"http:\/\/www.inowet.pl\/wp-content\/uploads\/2015\/03\/obr-273.jpg\" alt=\"\" \/><\/noscript><\/div>\n<\/div> <div class=\"accordion-header\">Wizyty domowe<\/div><div class=\"accordion-content\">\n<div>Wystarczy telefon do Przychodni i wizyta domowa ju\u017c um\u00f3wiona.<\/div>\n<div>Pami\u0119tajmy jednak, \u017ce wi\u0119kszo\u015b\u0107 pacjent\u00f3w wymaga diagnostyki, kt\u00f3r\u0105 mo\u017cna wykona\u0107 tylko na miejscu.<\/div>\n<\/div> <\/div>\n<\/div><\/div><\/div><div id=\"pgc-90-2-1\"  class=\"panel-grid-cell panel-grid-cell-empty\" ><\/div><\/div><div id=\"pg-90-3\"  class=\"panel-grid panel-no-style\" ><div id=\"pgc-90-3-0\"  class=\"panel-grid-cell\" ><div id=\"panel-90-3-0-0\" class=\"so-panel widget widget_vets-divider-widget panel-first-child panel-last-child\" data-index=\"3\" ><hr style=\"margin-left:-40px;margin-right:-40px;margin-top:40px;margin-bottom:0px;\" \/><\/div><\/div><\/div><div id=\"pg-90-4\"  class=\"panel-grid panel-no-style\" ><div id=\"pgc-90-4-0\"  class=\"panel-grid-cell\" ><div id=\"panel-90-4-0-0\" class=\"so-panel widget widget_vets-team-widget panel-first-child panel-last-child\" data-index=\"4\" ><h3 class=\"widget-title\">Poznaj naszych weterynarzy<\/h3>\r\n<div id=\"ourteam265695858\" class=\"owl-carousel\">\r\n        <figure class=\"our-team\">\r\n                <a href=\"http:\/\/www.inowet.pl\/?vetsteam=aleksandra-kiejkowska\" class=\"ext-link\">\r\n            <img decoding=\"async\" src=\"http:\/\/www.inowet.pl\/wp-content\/uploads\/2015\/03\/071.jpg\" alt=\"\" \/>\r\n        <\/a>\r\n                <!-- POST CONTENT -->\r\n        <figcaption>\r\n            <div>\r\n                <h5><a href=\"http:\/\/www.inowet.pl\/?vetsteam=aleksandra-kiejkowska\">Aleksandra Kiejkowska<\/a><\/h5>\r\n                <p>Lekarz weterynarii<br \/>\nSpecjalista radiolog<\/p>\n<br\/><br\/><a class=\"readmore-button\" href=\"http:\/\/www.inowet.pl\/?vetsteam=aleksandra-kiejkowska\"> Czytaj wi\u0119cej<\/a>            <\/div>\r\n        <\/figcaption>\r\n    <\/figure>\r\n        <figure class=\"our-team\">\r\n                <a href=\"http:\/\/www.inowet.pl\/?vetsteam=lukasz-kiejkowski\" class=\"ext-link\">\r\n            <img decoding=\"async\" src=\"http:\/\/www.inowet.pl\/wp\/wp-content\/uploads\/2015\/03\/056_burned.png\" alt=\"\" \/>\r\n        <\/a>\r\n                <!-- POST CONTENT -->\r\n        <figcaption>\r\n            <div>\r\n                <h5><a href=\"http:\/\/www.inowet.pl\/?vetsteam=lukasz-kiejkowski\">\u0141ukasz Kiejkowski<\/a><\/h5>\r\n                <p>Lekarz weterynarii<\/p>\n<br\/><br\/><a class=\"readmore-button\" href=\"http:\/\/www.inowet.pl\/?vetsteam=lukasz-kiejkowski\"> Czytaj wi\u0119cej<\/a>            <\/div>\r\n        <\/figcaption>\r\n    <\/figure>\r\n        <figure class=\"our-team\">\r\n                <a href=\"http:\/\/www.inowet.pl\/?vetsteam=krzysztof-kozlowski\" class=\"ext-link\">\r\n            <img decoding=\"async\" src=\"http:\/\/www.inowet.pl\/wp\/wp-content\/uploads\/2015\/03\/052_burned.png\" alt=\"\" \/>\r\n        <\/a>\r\n                <!-- POST CONTENT -->\r\n        <figcaption>\r\n            <div>\r\n                <h5><a href=\"http:\/\/www.inowet.pl\/?vetsteam=krzysztof-kozlowski\">Krzysztof Koz\u0142owski<\/a><\/h5>\r\n                <p>Lekarz weterynarii<\/p>\n<br\/><br\/><a class=\"readmore-button\" href=\"http:\/\/www.inowet.pl\/?vetsteam=krzysztof-kozlowski\"> Czytaj wi\u0119cej<\/a>            <\/div>\r\n        <\/figcaption>\r\n    <\/figure>\r\n        <figure class=\"our-team\">\r\n                <!-- POST CONTENT -->\r\n        <figcaption>\r\n            <div>\r\n                <h5><a href=\"http:\/\/www.inowet.pl\/?vetsteam=tadeusz-kiejkowski\">Tadeusz Kiejkowski<\/a><\/h5>\r\n                <p>Lekarz weterynarii<\/p>\n<br\/><br\/><a class=\"readmore-button\" href=\"http:\/\/www.inowet.pl\/?vetsteam=tadeusz-kiejkowski\"> Czytaj wi\u0119cej<\/a>            <\/div>\r\n        <\/figcaption>\r\n    <\/figure>\r\n    \r\n<\/div>\r\n<div class=\"clear\"><\/div>\r\n<script type=\"text\/javascript\">\r\n    jQuery(window).load(function () {\r\n        jQuery(\"#ourteam265695858\").owlCarousel({\r\n            items: 1,\r\n            margin: 40,\r\n            dots: false,\r\n                        autoplay: false,\r\n            autoplayTimeout: 4000,\r\n            autoplayHoverPause: true,\r\n                        smartSpeed: 800,\r\n            navText: [' ', ' '],\r\n            nav: true,\r\n            loop: true,\r\n                        responsive: {\r\n                480: {\r\n                    items: 1\r\n                },\r\n                640: {\r\n                    items: 2\r\n                },\r\n                900: {\r\n                    items: 4\r\n                }\r\n            }\r\n                                                                                         \r\n        });\r\n    });\r\n<\/script>\r\n\r\n<\/div><\/div><\/div><\/div>","protected":false},"excerpt":{"rendered":"<p>Kim jeste\u015bmy? Nasza Przychodnia specjalizuje si\u0119 w leczeniu ps\u00f3w, kot\u00f3w oraz zwierz\u0105t towarzysz\u0105cych. Zajmujemy si\u0119 tylko i wy\u0142\u0105cznie lecznictwem zwierz\u0105t. Nie prowadzimy sprzeda\u017cy artyku\u0142\u00f3w zoologicznych, ani nie \u015bwiadczymy us\u0142ug groomerskich (fryzjer dla zwierz\u0105t). Nasz\u0105 specjalizacj\u0105 jest diagnostyka obrazowa &#8211; radiologia, ultrasonografia. W sk\u0142ad zespo\u0142u wchodzi czterech\u00a0lekarzy weterynarii. Cz\u0119sto trafiaj\u0105 do nas pacjenci w ci\u0119\u017ckim stanie [&hellip;]<\/p>\n<br\/><br\/><a class=\"readmore-button\" href=\"http:\/\/www.inowet.pl\/?vetsteam=tadeusz-kiejkowski\"> Czytaj wi\u0119cej<\/a>","protected":false},"author":1,"featured_media":249,"parent":0,"menu_order":0,"comment_status":"open","ping_status":"open","template":"","meta":{"footnotes":""},"_links":{"self":[{"href":"http:\/\/www.inowet.pl\/index.php?rest_route=\/wp\/v2\/pages\/90"}],"collection":[{"href":"http:\/\/www.inowet.pl\/index.php?rest_route=\/wp\/v2\/pages"}],"about":[{"href":"http:\/\/www.inowet.pl\/index.php?rest_route=\/wp\/v2\/types\/page"}],"author":[{"embeddable":true,"href":"http:\/\/www.inowet.pl\/index.php?rest_route=\/wp\/v2\/users\/1"}],"replies":[{"embeddable":true,"href":"http:\/\/www.inowet.pl\/index.php?rest_route=%2Fwp%2Fv2%2Fcomments&post=90"}],"version-history":[{"count":20,"href":"http:\/\/www.inowet.pl\/index.php?rest_route=\/wp\/v2\/pages\/90\/revisions"}],"predecessor-version":[{"id":1580,"href":"http:\/\/www.inowet.pl\/index.php?rest_route=\/wp\/v2\/pages\/90\/revisions\/1580"}],"wp:featuredmedia":[{"embeddable":true,"href":"http:\/\/www.inowet.pl\/index.php?rest_route=\/wp\/v2\/media\/249"}],"wp:attachment":[{"href":"http:\/\/www.inowet.pl\/index.php?rest_route=%2Fwp%2Fv2%2Fmedia&parent=90"}],"curies":[{"name":"wp","href":"https:\/\/api.w.org\/{rel}","templated":true}]}}