{"id":122,"date":"2014-11-15T02:30:39","date_gmt":"2014-11-15T02:30:39","guid":{"rendered":"http:\/\/vets-wp.wp4life.com\/?page_id=122"},"modified":"2017-06-01T12:52:32","modified_gmt":"2017-06-01T10:52:32","slug":"contact","status":"publish","type":"page","link":"http:\/\/www.inowet.pl\/?page_id=122","title":{"rendered":"Kontakt"},"content":{"rendered":"<div id=\"pl-122\"  class=\"panel-layout\" ><div id=\"pg-122-0\"  class=\"panel-grid panel-no-style\" ><div id=\"pgc-122-0-0\"  class=\"panel-grid-cell\" ><div id=\"panel-122-0-0-0\" class=\"so-panel widget widget_widget_op_overview panel-first-child\" data-index=\"0\" >\n<table class=\"op-table op-table-overview\">\n  \n    <tr class=\"op-row op-row-day \">\n    <th class=\"op-cell op-cell-heading\" scope=\"row\">poniedzia\u0142ek \u2013 pi\u0105tek<\/th>\n    <td class=\"op-cell op-cell-periods\"><span class=\"op-period-time 1\">09:00 \u2013 20:00<\/span><\/td>\n  <\/tr>\n    <tr class=\"op-row op-row-day \">\n    <th class=\"op-cell op-cell-heading\" scope=\"row\">sobota<\/th>\n    <td class=\"op-cell op-cell-periods\"><span class=\"op-period-time 1\">09:00 \u2013 14:00<\/span><\/td>\n  <\/tr>\n  <\/table>\n\n<\/div><div id=\"panel-122-0-0-1\" class=\"so-panel widget widget_black-studio-tinymce widget_black_studio_tinymce panel-last-child\" data-index=\"1\" ><div class=\"textwidget\"><h2>B\u0105d\u017amy w kontakcie!<\/h2>\n<p>Je\u015bli chcesz si\u0119 z nami skontaktowa\u0107, u\u017cyj formularza poni\u017cej lub zadzwo\u0144 na numer podany po prawej stronie.<\/p>\n\r\n<form id=\"contactForm\" action=\"http:\/\/www.inowet.pl\/wp-content\/plugins\/vets-features\/processform.php\" method=\"post\">\r\n    <label>\r\n        Imi\u0119 i nazwisko    <\/label>\r\n    <input type=\"text\" name=\"senderName\" id=\"senderName\" required=\"required\" maxlength=\"40\" \/>\r\n    <label>Numer telefonu<\/label>\r\n    <input type=\"text\" name=\"phoneNumber\" id=\"phoneNumber\" required=\"required\" maxlength=\"50\" \/>\r\n    <label>\r\n        E-mail    <\/label>\r\n    <input type=\"email\" name=\"senderEmail\" id=\"senderEmail\" required=\"required\" maxlength=\"50\" \/>\r\n    <label>\r\n        Wiadomo\u015b\u0107    <\/label>\r\n    <textarea name=\"message\" id=\"message\" required=\"required\"><\/textarea>\r\n    <input name=\"recipientName\" id=\"recipientName\" type=\"hidden\" value=\"Imi\u0119 i nazwisko\" \/>\r\n    <input name=\"recipientSubject\" id=\"recipientSubject\" type=\"hidden\" value=\"Formularz kontaktowy Inowet.pl\" \/>\r\n    <input name=\"recipientMail\" id=\"recipientMail\" type=\"hidden\" value=\"inowet@inowet.pl\" \/>\r\n    <input type=\"submit\" class=\"button\" id=\"sendMessage\" name=\"sendMessage\" value=\"Wy\u015blij\" \/>\r\n<\/form>\n<\/div><\/div><\/div><div id=\"pgc-122-0-1\"  class=\"panel-grid-cell\" ><div id=\"panel-122-0-1-1\" class=\"so-panel widget widget_black-studio-tinymce widget_black_studio_tinymce panel-last-child\" data-index=\"3\" ><div class=\"textwidget\"><h2>Informacje kontaktowe<\/h2>\n<div class=\"flex-image\">\n<p><img loading=\"lazy\" decoding=\"async\" class=\"alignnone wp-image-539 size-medium\" src=\"http:\/\/www.inowet.pl\/wp\/wp-content\/uploads\/2014\/11\/10507103_1536392539913127_2112847720862099465_o-300x197.jpg\" alt=\"\" width=\"300\" height=\"197\" srcset=\"http:\/\/www.inowet.pl\/wp-content\/uploads\/2014\/11\/10507103_1536392539913127_2112847720862099465_o-300x197.jpg 300w, http:\/\/www.inowet.pl\/wp-content\/uploads\/2014\/11\/10507103_1536392539913127_2112847720862099465_o-1024x674.jpg 1024w, http:\/\/www.inowet.pl\/wp-content\/uploads\/2014\/11\/10507103_1536392539913127_2112847720862099465_o.jpg 2048w\" sizes=\"(max-width: 300px) 100vw, 300px\" \/><\/p>\n<\/div>\n<p>\u00a0<\/p>\n<p class=\"label\"><strong>Adres:<\/strong>\u00a088-100 Inowroc\u0142aw ul. Szymborska 114<\/p>\n<p class=\"label\"><strong>Telefon<\/strong><strong>:<br \/><\/strong>507 118 140\u00a0<\/p>\n<p class=\"label\"><strong>E-mail:<\/strong>\u00a0inowet@inowet.pl<\/p>\n<\/div><\/div><\/div><\/div><\/div>","protected":false},"excerpt":{"rendered":"<p>B\u0105d\u017amy w kontakcie!Je\u015bli chcesz si\u0119 z nami skontaktowa\u0107, u\u017cyj formularza poni\u017cej lub zadzwo\u0144 na numer podany po prawej stronie. Informacje kontaktowe\u00a0<\/p>\n<br\/><br\/><a class=\"readmore-button\" href=\"http:\/\/www.inowet.pl\/?page_id=122\"> Czytaj wi\u0119cej<\/a>","protected":false},"author":1,"featured_media":0,"parent":0,"menu_order":0,"comment_status":"open","ping_status":"open","template":"contact.php","meta":{"footnotes":""},"_links":{"self":[{"href":"http:\/\/www.inowet.pl\/index.php?rest_route=\/wp\/v2\/pages\/122"}],"collection":[{"href":"http:\/\/www.inowet.pl\/index.php?rest_route=\/wp\/v2\/pages"}],"about":[{"href":"http:\/\/www.inowet.pl\/index.php?rest_route=\/wp\/v2\/types\/page"}],"author":[{"embeddable":true,"href":"http:\/\/www.inowet.pl\/index.php?rest_route=\/wp\/v2\/users\/1"}],"replies":[{"embeddable":true,"href":"http:\/\/www.inowet.pl\/index.php?rest_route=%2Fwp%2Fv2%2Fcomments&post=122"}],"version-history":[{"count":38,"href":"http:\/\/www.inowet.pl\/index.php?rest_route=\/wp\/v2\/pages\/122\/revisions"}],"predecessor-version":[{"id":1576,"href":"http:\/\/www.inowet.pl\/index.php?rest_route=\/wp\/v2\/pages\/122\/revisions\/1576"}],"wp:attachment":[{"href":"http:\/\/www.inowet.pl\/index.php?rest_route=%2Fwp%2Fv2%2Fmedia&parent=122"}],"curies":[{"name":"wp","href":"https:\/\/api.w.org\/{rel}","templated":true}]}}