{"id":10,"date":"2014-11-12T09:55:06","date_gmt":"2014-11-12T09:55:06","guid":{"rendered":"http:\/\/vets-wp.wp4life.com\/?page_id=10"},"modified":"2022-05-25T20:47:49","modified_gmt":"2022-05-25T18:47:49","slug":"homepage","status":"publish","type":"page","link":"http:\/\/www.inowet.pl\/","title":{"rendered":"Homepage"},"content":{"rendered":"<div id=\"pl-10\"  class=\"panel-layout\" ><div id=\"pg-10-0\"  class=\"panel-grid panel-no-style\" ><div id=\"pgc-10-0-0\"  class=\"panel-grid-cell\" ><div id=\"panel-10-0-0-0\" class=\"so-panel widget widget_vets-icon-widget panel-first-child panel-last-child\" data-index=\"0\" ><div class=\"icon-container\"><a href=\"#\"><i class=\"flaticon-16\"><\/i><\/a><\/div><div class=\"icon-text\"><h3>Opieka<\/h3><p>Oferujemy Pa\u0144stwa pupilom pe\u0142n\u0105 opiek\u0119 lekarsko-weterynaryjn\u0105. Posiadamy w Przychodni nowoczesny sprz\u0119t do diagnostyki obrazowej (rtg, usg), chirurgii i anestezji wziewnej. W Przychodni panuje mi\u0142a atmosfera, a lekarze zawsze ch\u0119tnie s\u0142u\u017c\u0105 Pa\u0144stwu pomoc\u0105 w ka\u017cdej sytuacji. Wn\u0119trza s\u0105 przestronne i przystosowane do potrzeb zar\u00f3wno wi\u0119kszych, jak i mniejszych pacjent\u00f3w.<\/p><\/div><\/div><\/div><div id=\"pgc-10-0-1\"  class=\"panel-grid-cell\" ><div id=\"panel-10-0-1-0\" class=\"so-panel widget widget_vets-icon-widget panel-first-child panel-last-child\" data-index=\"1\" ><div class=\"icon-container\"><a href=\"#\"><i class=\"flaticon-39\"><\/i><\/a><\/div><div class=\"icon-text\"><h3>Szpital<\/h3><p>Cz\u0119sto pacjenci ze wzgl\u0119du na stan zdrowia, wymagaj\u0105 pozostawienia w Przychodni. U nas nie ma z tym problemu. Posiadamy mo\u017cliwo\u015b\u0107 szpitalnego leczenia zwierz\u0105t.<\/p><\/div><\/div><\/div><div id=\"pgc-10-0-2\"  class=\"panel-grid-cell\" ><div id=\"panel-10-0-2-0\" class=\"so-panel widget widget_vets-icon-widget panel-first-child panel-last-child\" data-index=\"2\" ><div class=\"icon-container\"><a href=\"#\"><i class=\"flaticon-52\"><\/i><\/a><\/div><div class=\"icon-text\"><h3>Nag\u0142e wypadki<\/h3><p>Cz\u0119sto trafiaj\u0105 do nas pacjenci w ci\u0119\u017ckim stanie \u2013 po wypadkach, czy z nag\u0142ym zaostrzeniem chor\u00f3b wewn\u0119trznych.  U takich pacjent\u00f3w wykonujemy konieczn\u0105 dla danego przypadku diagnostyk\u0119 (badanie krwi, usg, rtg).<\/p><\/div><\/div><\/div><\/div><div id=\"pg-10-1\"  class=\"panel-grid panel-no-style\" ><div id=\"pgc-10-1-0\"  class=\"panel-grid-cell\" ><div id=\"panel-10-1-0-0\" class=\"so-panel widget widget_vets-divider-widget panel-first-child panel-last-child\" data-index=\"3\" ><hr style=\"margin-left:-40px;margin-right:-40px;margin-top:40px;margin-bottom:0px;\" \/><\/div><\/div><\/div><div id=\"pg-10-2\"  class=\"panel-grid panel-no-style\" ><div id=\"pgc-10-2-0\"  class=\"panel-grid-cell\" ><div id=\"panel-10-2-0-0\" class=\"so-panel widget widget_black-studio-tinymce widget_black_studio_tinymce panel-first-child panel-last-child\" data-index=\"4\" ><h3 class=\"widget-title\">Kim jeste\u015bmy<\/h3><div class=\"textwidget\"><div class=\"flex-image\">\n<p><img loading=\"lazy\" decoding=\"async\" class=\"alignnone size-full wp-image-11\" src=\"https:\/\/themes.thememasters.club\/vets\/wp-content\/uploads\/sites\/4\/2014\/11\/cropped-small.jpg\" alt=\"medical doctor dog\" width=\"500\" height=\"465\" \/><\/p>\n<\/div>\n<p>Nasza Przychodnia specjalizuje si\u0119 w leczeniu ps\u00f3w, kot\u00f3w oraz zwierz\u0105t towarzysz\u0105cych. Zajmujemy si\u0119 tylko i wy\u0142\u0105cznie lecznictwem zwierz\u0105t. Nie prowadzimy sprzeda\u017cy artyku\u0142\u00f3w zoologicznych, ani nie \u015bwiadczymy us\u0142ug groomerskich (fryzjer dla zwierz\u0105t).<\/p>\n<a href=\"http:\/\/www.inowet.pl\/?page_id=90\" class=\"button\">Czytaj wi\u0119cej<\/a>\n<\/div><\/div><\/div><div id=\"pgc-10-2-1\"  class=\"panel-grid-cell\" ><div id=\"panel-10-2-1-0\" class=\"so-panel widget widget_vets-team-widget panel-first-child panel-last-child\" data-index=\"5\" ><h3 class=\"widget-title\">Poznaj nasz zesp\u00f3\u0142<\/h3>\r\n<div id=\"ourteam2096161012\" class=\"owl-carousel\">\r\n        <figure class=\"our-team\">\r\n                <a href=\"http:\/\/www.inowet.pl\/?vetsteam=aleksandra-kiejkowska\" class=\"ext-link\">\r\n            <img decoding=\"async\" src=\"http:\/\/www.inowet.pl\/wp-content\/uploads\/2015\/03\/071.jpg\" alt=\"\" \/>\r\n        <\/a>\r\n                <!-- POST CONTENT -->\r\n        <figcaption>\r\n            <div>\r\n                <h5><a href=\"http:\/\/www.inowet.pl\/?vetsteam=aleksandra-kiejkowska\">Aleksandra Kiejkowska<\/a><\/h5>\r\n                <p>Lekarz weterynarii<br \/>\nSpecjalista radiolog<\/p>\n<br\/><br\/><a class=\"readmore-button\" href=\"http:\/\/www.inowet.pl\/?vetsteam=aleksandra-kiejkowska\"> Czytaj wi\u0119cej<\/a>            <\/div>\r\n        <\/figcaption>\r\n    <\/figure>\r\n        <figure class=\"our-team\">\r\n                <a href=\"http:\/\/www.inowet.pl\/?vetsteam=lukasz-kiejkowski\" class=\"ext-link\">\r\n            <img decoding=\"async\" src=\"http:\/\/www.inowet.pl\/wp\/wp-content\/uploads\/2015\/03\/056_burned.png\" alt=\"\" \/>\r\n        <\/a>\r\n                <!-- POST CONTENT -->\r\n        <figcaption>\r\n            <div>\r\n                <h5><a href=\"http:\/\/www.inowet.pl\/?vetsteam=lukasz-kiejkowski\">\u0141ukasz Kiejkowski<\/a><\/h5>\r\n                <p>Lekarz weterynarii<\/p>\n<br\/><br\/><a class=\"readmore-button\" href=\"http:\/\/www.inowet.pl\/?vetsteam=lukasz-kiejkowski\"> Czytaj wi\u0119cej<\/a>            <\/div>\r\n        <\/figcaption>\r\n    <\/figure>\r\n        <figure class=\"our-team\">\r\n                <a href=\"http:\/\/www.inowet.pl\/?vetsteam=krzysztof-kozlowski\" class=\"ext-link\">\r\n            <img decoding=\"async\" src=\"http:\/\/www.inowet.pl\/wp\/wp-content\/uploads\/2015\/03\/052_burned.png\" alt=\"\" \/>\r\n        <\/a>\r\n                <!-- POST CONTENT -->\r\n        <figcaption>\r\n            <div>\r\n                <h5><a href=\"http:\/\/www.inowet.pl\/?vetsteam=krzysztof-kozlowski\">Krzysztof Koz\u0142owski<\/a><\/h5>\r\n                <p>Lekarz weterynarii<\/p>\n<br\/><br\/><a class=\"readmore-button\" href=\"http:\/\/www.inowet.pl\/?vetsteam=krzysztof-kozlowski\"> Czytaj wi\u0119cej<\/a>            <\/div>\r\n        <\/figcaption>\r\n    <\/figure>\r\n        <figure class=\"our-team\">\r\n                <!-- POST CONTENT -->\r\n        <figcaption>\r\n            <div>\r\n                <h5><a href=\"http:\/\/www.inowet.pl\/?vetsteam=tadeusz-kiejkowski\">Tadeusz Kiejkowski<\/a><\/h5>\r\n                <p>Lekarz weterynarii<\/p>\n<br\/><br\/><a class=\"readmore-button\" href=\"http:\/\/www.inowet.pl\/?vetsteam=tadeusz-kiejkowski\"> Czytaj wi\u0119cej<\/a>            <\/div>\r\n        <\/figcaption>\r\n    <\/figure>\r\n    \r\n<\/div>\r\n<div class=\"clear\"><\/div>\r\n<script type=\"text\/javascript\">\r\n    jQuery(window).load(function () {\r\n        jQuery(\"#ourteam2096161012\").owlCarousel({\r\n            items: 1,\r\n            margin: 40,\r\n            dots: false,\r\n                        autoplay: false,\r\n            autoplayTimeout: 4000,\r\n            autoplayHoverPause: true,\r\n                        smartSpeed: 800,\r\n            navText: [' ', ' '],\r\n            nav: true,\r\n            loop: true,\r\n                                    responsive: {\r\n                480: {\r\n                    items: 1\r\n                },\r\n                640: {\r\n                    items: 2\r\n                },\r\n                900: {\r\n                    items: 3\r\n                }\r\n            }\r\n                                                                             \r\n        });\r\n    });\r\n<\/script>\r\n\r\n<\/div><\/div><\/div><div id=\"pg-10-3\"  class=\"panel-grid panel-no-style\" ><div id=\"pgc-10-3-0\"  class=\"panel-grid-cell\" ><div id=\"panel-10-3-0-0\" class=\"so-panel widget widget_vets-divider-widget panel-first-child panel-last-child\" data-index=\"6\" ><hr style=\"margin-left:-40px;margin-right:-40px;margin-top:40px;margin-bottom:0px;\" \/><\/div><\/div><\/div><div id=\"pg-10-4\"  class=\"panel-grid panel-no-style\" ><div id=\"pgc-10-4-0\"  class=\"panel-grid-cell\" ><div id=\"panel-10-4-0-0\" class=\"so-panel widget widget_vets-services-widget panel-first-child panel-last-child\" data-index=\"7\" ><h3 class=\"widget-title\">Nasze us\u0142ugi<\/h3><div id=\"services1920756378\">\r\n    <!-- TAB TITLES -->\r\n    <ul class=\"resp-tabs-list\">\r\n                <li>Opieka profilaktyczna<\/li>\r\n                <li>Opieka internistyczna<\/li>\r\n                <li>Opieka stomatologiczna<\/li>\r\n                <li>Opieka ginekologiczna i po\u0142o\u017cnictwo<\/li>\r\n                <li>Chirurgia<\/li>\r\n                <li>Ortopedia<\/li>\r\n                <li>Anestezjologia<\/li>\r\n                <li>Opieka szpitalna<\/li>\r\n            <\/ul>\r\n    <!-- TABS -->\r\n    <div class=\"resp-tabs-container\">\r\n                <div class=\"service-tab\">\r\n                    <div class=\"flex-img\">                \r\n                <a href=\"http:\/\/www.inowet.pl\/?vetsservices=opieka-profilaktyczna\" class=\"ext-link\">\r\n                    <img decoding=\"async\" src=\"http:\/\/www.inowet.pl\/wp-content\/uploads\/2015\/03\/obr-003-e1425568686261-1200x460.jpg\" alt=\"\" \/>\r\n                <\/a>\r\n            <\/div>\r\n            \r\n<p>Obejmuje rutynowe zabiegi weterynaryjne jak: odrobaczanie, szczepienia, profilaktyka przeciwpaso\u017cytnicza.<br \/>\nW jej zakres wchodz\u0105 r\u00f3wnie\u017c zabiegi piel\u0119gnacyjne, jak korekcja pazur\u00f3w, korekcja z\u0119b\u00f3w u gryzoni, oczyszczanie gruczo\u0142\u00f3w<br \/>\noko\u0142oodbytowych i wiele innych.<\/p>\n<br\/><br\/><a class=\"readmore-button\" href=\"http:\/\/www.inowet.pl\/?vetsservices=opieka-profilaktyczna\"> Czytaj wi\u0119cej<\/a>        <\/div>\r\n                <div class=\"service-tab\">\r\n                    <div class=\"flex-img\">                \r\n                <a href=\"http:\/\/www.inowet.pl\/?vetsservices=medical-care\" class=\"ext-link\">\r\n                    <img decoding=\"async\" src=\"http:\/\/www.inowet.pl\/wp-content\/uploads\/2014\/11\/obr-1096-e1425576902348-1200x460.jpg\" alt=\"\" \/>\r\n                <\/a>\r\n            <\/div>\r\n            \r\n<p>Obejmuje diagnostyk\u0119 chor\u00f3b wewn\u0119trznych (dermatologia, gastroenterologia, endokrynologia, urologia i in.)<br \/>\nSwoje rozpoznania opieramy na badaniach dodatkowych &#8211;  badania krwi, moczu, rtg, usg.<br \/>\nWszystkie badania wykonujemy na miejscu.<\/p>\n<br\/><br\/><a class=\"readmore-button\" href=\"http:\/\/www.inowet.pl\/?vetsservices=medical-care\"> Czytaj wi\u0119cej<\/a>        <\/div>\r\n                <div class=\"service-tab\">\r\n                    <div class=\"flex-img\">                \r\n                <a href=\"http:\/\/www.inowet.pl\/?vetsservices=dental-care\" class=\"ext-link\">\r\n                    <img decoding=\"async\" src=\"http:\/\/www.inowet.pl\/wp-content\/uploads\/2015\/03\/10560553_1527968210755560_4651842886140453386_o-1200x460.jpg\" alt=\"\" \/>\r\n                <\/a>\r\n            <\/div>\r\n            \r\n<p>Obejmuje usuwanie przetrwa\u0142ych k\u0142\u00f3w mlecznych, czyszczenie kamienia naz\u0119bnego, usuwanie z\u0119b\u00f3w,<br \/>\nbadanie rtg jamy ustnej, usuwanie przetok i ropni oko\u0142oz\u0119bodo\u0142owych, korekcja zgryzu u gryzoni, korekcja z\u0119b\u00f3w policzkowych u gryzoni.<\/p>\n<br\/><br\/><a class=\"readmore-button\" href=\"http:\/\/www.inowet.pl\/?vetsservices=dental-care\"> Czytaj wi\u0119cej<\/a>        <\/div>\r\n                <div class=\"service-tab\">\r\n                    <div class=\"flex-img\">                \r\n                <a href=\"http:\/\/www.inowet.pl\/?vetsservices=orthopedics\" class=\"ext-link\">\r\n                    <img decoding=\"async\" src=\"http:\/\/www.inowet.pl\/wp-content\/uploads\/2014\/11\/obr-193-e1425571316902-1200x460.jpg\" alt=\"\" \/>\r\n                <\/a>\r\n            <\/div>\r\n            \r\n<p>Obejmuje kompleksowe badanie uk\u0142adu rozrodczego, badania cytologiczne, ustalanie optymalnego terminu krycia, pobieranie nasienia, sztuczn\u0105 inseminacj\u0119,<br \/>\nprowadzenie ci\u0105\u017cy, ultrasonograficzn\u0105 ocen\u0119 przebiegu ci\u0105\u017cy, zabiegi chirurgiczne.<\/p>\n<br\/><br\/><a class=\"readmore-button\" href=\"http:\/\/www.inowet.pl\/?vetsservices=orthopedics\"> Czytaj wi\u0119cej<\/a>        <\/div>\r\n                <div class=\"service-tab\">\r\n                    <div class=\"flex-img\">                \r\n                <a href=\"http:\/\/www.inowet.pl\/?vetsservices=surgery\" class=\"ext-link\">\r\n                    <img decoding=\"async\" src=\"http:\/\/www.inowet.pl\/wp-content\/uploads\/2014\/11\/10918981_1607652319453815_7010118017926494849_o-e1425577007196-1200x460.jpg\" alt=\"\" \/>\r\n                <\/a>\r\n            <\/div>\r\n            \r\n<p>Obejmuje zabiegi sterylizacji, kastracji, operacje przepuklin, usuwanie guz\u00f3w, szycie uk\u0142adu pow\u0142okowego, usuwanie cia\u0142 obcych z przewodu pokarmowego,<br \/>\nusuwanie kamieni moczowych, zabiegi  wyszycia cewki moczowej, operacje na przewodzie pokarmowym (enterotomia, gastrotomia, skr\u0119t \u017co\u0142\u0105dka) i wiele innych.<\/p>\n<br\/><br\/><a class=\"readmore-button\" href=\"http:\/\/www.inowet.pl\/?vetsservices=surgery\"> Czytaj wi\u0119cej<\/a>        <\/div>\r\n                <div class=\"service-tab\">\r\n                    <div class=\"flex-img\">                \r\n                <a href=\"http:\/\/www.inowet.pl\/?vetsservices=ortopedia\" class=\"ext-link\">\r\n                    <img decoding=\"async\" src=\"http:\/\/www.inowet.pl\/wp-content\/uploads\/2014\/11\/0000102-1-1050x460.png\" alt=\"\" \/>\r\n                <\/a>\r\n            <\/div>\r\n            \r\n<p>Obejmuje ortopedi\u0119 i traumatologi\u0119 w tym: leczenie chirurgiczne i zachowawcze uraz\u00f3w narz\u0105du ruchu, z\u0142ama\u0144, zwichni\u0119\u0107, uszkodze\u0144 wi\u0119zade\u0142 oraz terapi\u0119 chor\u00f3b zwyrodnieniowych staw\u00f3w. <\/p>\n<br\/><br\/><a class=\"readmore-button\" href=\"http:\/\/www.inowet.pl\/?vetsservices=ortopedia\"> Czytaj wi\u0119cej<\/a>        <\/div>\r\n                <div class=\"service-tab\">\r\n                    <div class=\"flex-img\">                \r\n                <a href=\"http:\/\/www.inowet.pl\/?vetsservices=anesthesia\" class=\"ext-link\">\r\n                    <img decoding=\"async\" src=\"http:\/\/www.inowet.pl\/wp-content\/uploads\/2015\/03\/10344114_1582060708679643_5114217690191350478_o-e1425403375632-1200x460.jpg\" alt=\"\" \/>\r\n                <\/a>\r\n            <\/div>\r\n            \r\n<p>Mamy mo\u017cliwo\u015b\u0107 przeprowadzania zabieg\u00f3w w znieczuleniu wziewnym izofluranem.  Jest to bardzo bezpieczna metoda, zw\u0142aszcza u starszych pacjent\u00f3w i gryzoni.<br \/>\nPodczas znieczulenia kontrolujemy parametry \u017cyciowe operowanych zwierz\u0105t za pomoc\u0105 monitora pacjenta.<br \/>\nNie ka\u017cdy pacjent wymaga  intubacji i znieczulenia wziewnego, w tym wypadku leki do znieczulenia podawane s\u0105 drog\u0105 do\u017cyln\u0105.<\/p>\n<br\/><br\/><a class=\"readmore-button\" href=\"http:\/\/www.inowet.pl\/?vetsservices=anesthesia\"> Czytaj wi\u0119cej<\/a>        <\/div>\r\n                <div class=\"service-tab\">\r\n                    <div class=\"flex-img\">                \r\n                <a href=\"http:\/\/www.inowet.pl\/?vetsservices=opieka-szpitalna\" class=\"ext-link\">\r\n                    <img decoding=\"async\" src=\"http:\/\/www.inowet.pl\/wp-content\/uploads\/2015\/03\/025-e1425576780631-1200x460.jpg\" alt=\"\" \/>\r\n                <\/a>\r\n            <\/div>\r\n            \r\n<p>Cz\u0119sto pacjenci ze wzgl\u0119du na stan zdrowia, wymagaj\u0105 pozostawienia w Przychodni. U nas nie ma z tym problemu. Posiadamy mo\u017cliwo\u015b\u0107 szpitalnego leczenia zwierz\u0105t.<\/p>\n<br\/><br\/><a class=\"readmore-button\" href=\"http:\/\/www.inowet.pl\/?vetsservices=opieka-szpitalna\"> Czytaj wi\u0119cej<\/a>        <\/div>\r\n            <\/div>\r\n<\/div>\r\n\r\n<script type=\"text\/javascript\">\r\n    jQuery(document).ready(function () {\r\n        jQuery('#services1920756378').easyResponsiveTabs({\r\n            type: 'vertical',\r\n            width: 'auto',\r\n            fit: true,\r\n                        activate: function () {\r\n                jQuery(\".resp-tab-content\").addClass('animatedmedium fadeInLeft');\r\n                setTimeout(function () {\r\n                    jQuery(\".resp-tab-content\").removeClass('animatedmedium fadeInLeft');\r\n                }, 400);\r\n            }\r\n                    });\r\n    });\r\n<\/script>\r\n\r\n<\/div><\/div><\/div><div id=\"pg-10-5\"  class=\"panel-grid panel-no-style\" ><div id=\"pgc-10-5-0\"  class=\"panel-grid-cell\" ><div id=\"panel-10-5-0-0\" class=\"so-panel widget widget_vets-divider-widget panel-first-child panel-last-child\" data-index=\"8\" ><hr style=\"margin-left:-40px;margin-right:-40px;margin-top:40px;margin-bottom:0px;\" \/><\/div><\/div><\/div><\/div>","protected":false},"excerpt":{"rendered":"<p>Kim jeste\u015bmy Nasza Przychodnia specjalizuje si\u0119 w leczeniu ps\u00f3w, kot\u00f3w oraz zwierz\u0105t towarzysz\u0105cych. Zajmujemy si\u0119 tylko i wy\u0142\u0105cznie lecznictwem zwierz\u0105t. Nie prowadzimy sprzeda\u017cy artyku\u0142\u00f3w zoologicznych, ani nie \u015bwiadczymy us\u0142ug groomerskich (fryzjer dla zwierz\u0105t). Czytaj wi\u0119cej<\/p>\n<br\/><br\/><a class=\"readmore-button\" href=\"http:\/\/www.inowet.pl\/?vetsservices=opieka-szpitalna\"> Czytaj wi\u0119cej<\/a>","protected":false},"author":1,"featured_media":0,"parent":0,"menu_order":0,"comment_status":"open","ping_status":"open","template":"homepage.php","meta":{"footnotes":""},"_links":{"self":[{"href":"http:\/\/www.inowet.pl\/index.php?rest_route=\/wp\/v2\/pages\/10"}],"collection":[{"href":"http:\/\/www.inowet.pl\/index.php?rest_route=\/wp\/v2\/pages"}],"about":[{"href":"http:\/\/www.inowet.pl\/index.php?rest_route=\/wp\/v2\/types\/page"}],"author":[{"embeddable":true,"href":"http:\/\/www.inowet.pl\/index.php?rest_route=\/wp\/v2\/users\/1"}],"replies":[{"embeddable":true,"href":"http:\/\/www.inowet.pl\/index.php?rest_route=%2Fwp%2Fv2%2Fcomments&post=10"}],"version-history":[{"count":17,"href":"http:\/\/www.inowet.pl\/index.php?rest_route=\/wp\/v2\/pages\/10\/revisions"}],"predecessor-version":[{"id":1842,"href":"http:\/\/www.inowet.pl\/index.php?rest_route=\/wp\/v2\/pages\/10\/revisions\/1842"}],"wp:attachment":[{"href":"http:\/\/www.inowet.pl\/index.php?rest_route=%2Fwp%2Fv2%2Fmedia&parent=10"}],"curies":[{"name":"wp","href":"https:\/\/api.w.org\/{rel}","templated":true}]}}